{"id":11,"date":"2015-01-12T21:02:47","date_gmt":"2015-01-12T20:02:47","guid":{"rendered":"http:\/\/kvg-rheine.de\/wordpress\/?page_id=11"},"modified":"2026-05-07T05:34:42","modified_gmt":"2026-05-07T04:34:42","slug":"die-kardinal-von-galen-grundschule","status":"publish","type":"page","link":"https:\/\/www.kvg-rheine.de\/wordpress\/betreuung\/die-kardinal-von-galen-grundschule\/","title":{"rendered":"Die Kardinal-von-Galen Grundschule"},"content":{"rendered":"<p style=\"text-align: left;\" align=\"center\">Die <strong><span style=\"color: #99cc00;\">Kardinal-von-Galen Grundschule <\/span><\/strong>Rheine, Dutum, ist die katholische Bekenntnisschule der Stadt Rheine f\u00fcr den Stadtteil links der Ems. Der Status katholische Bekenntnisschule bedeutet:<\/p>\n<p style=\"text-align: left;\" align=\"center\">Wer sein Kind an einer solchen Schule anmeldet, m\u00f6chte, dass sein Kind&nbsp;in erster Linie nach&nbsp;katholischen Wertvorstellungen unterrichtet wird und&nbsp;am katholischen Religionsunterricht sowie an Gottesdiensten teilnimmt.<\/p>\n<p style=\"text-align: left;\" align=\"center\">\u00d6kumenisches Denken und Handeln ist aber trotzdem&nbsp;f\u00fcr die <strong><span style=\"color: #99cc00;\">Kardinal-von-Galen Schule<\/span> <\/strong>selbstverst\u00e4ndlich, denn etwa die H\u00e4lfte der Kinder geh\u00f6ren anderen Konfessionen an. Sie erhalten in der Schule einen Einblick in das Christentum. Somit findet in der <strong><span style=\"color: #99cc00;\">K.v.G. Schule<\/span><\/strong>&nbsp;ein Lernen miteinander und voneinander statt.<\/p>\n<p style=\"text-align: left;\" align=\"center\">Derzeit lernen ca. 220 Kinder in acht Klassen in der <strong><span style=\"color: #99cc00;\">K.v.G. Schule<\/span><\/strong>.&nbsp; Der Unterricht findet verl\u00e4sslich im Zeitraum von 7.45 Uhr bis 13.05 Uhr statt. Dar\u00fcber hinaus wird an der Schule ein Betreuungsangebot in der Zeit von 7.30 bis 16.00 Uhr angeboten.<\/p>\n<p style=\"text-align: left;\" align=\"center\">Die <strong><span style=\"color: #99cc00;\">Kardinal-von-Galen Schule<\/span><\/strong> will im Zusammenwirken mit den Eltern die Kinder zu verantwortungsbewussten Menschen erziehen, die Hilfsbereitschaft und N\u00e4chstenliebe erfahren und praktizieren.&nbsp; Jedes Kind&nbsp;wird mit seinen F\u00e4higkeiten und Fertigkeiten gesch\u00e4tzt und geachtet. Es soll Freude am Leben und Lernen haben und in seiner individuellen Weiterentwicklung gef\u00f6rdert werden.<\/p>\n","protected":false},"excerpt":{"rendered":"<p>Die Kardinal-von-Galen Grundschule Rheine, Dutum, ist die katholische Bekenntnisschule der Stadt Rheine f\u00fcr den Stadtteil links der Ems. Der Status katholische Bekenntnisschule bedeutet: Wer sein Kind an einer solchen Schule <a class=\"read-more\" href=\"https:\/\/www.kvg-rheine.de\/wordpress\/betreuung\/die-kardinal-von-galen-grundschule\/\">... weiterlesen <span class=\"meta-nav\">&rarr;<\/span><\/a><\/p>\n","protected":false},"author":1,"featured_media":0,"parent":88,"menu_order":1,"comment_status":"closed","ping_status":"closed","template":"","meta":{"ngg_post_thumbnail":0,"footnotes":""},"class_list":["post-11","page","type-page","status-publish","hentry"],"_links":{"self":[{"href":"https:\/\/www.kvg-rheine.de\/wordpress\/wp-json\/wp\/v2\/pages\/11","targetHints":{"allow":["GET"]}}],"collection":[{"href":"https:\/\/www.kvg-rheine.de\/wordpress\/wp-json\/wp\/v2\/pages"}],"about":[{"href":"https:\/\/www.kvg-rheine.de\/wordpress\/wp-json\/wp\/v2\/types\/page"}],"author":[{"embeddable":true,"href":"https:\/\/www.kvg-rheine.de\/wordpress\/wp-json\/wp\/v2\/users\/1"}],"replies":[{"embeddable":true,"href":"https:\/\/www.kvg-rheine.de\/wordpress\/wp-json\/wp\/v2\/comments?post=11"}],"version-history":[{"count":36,"href":"https:\/\/www.kvg-rheine.de\/wordpress\/wp-json\/wp\/v2\/pages\/11\/revisions"}],"predecessor-version":[{"id":6331,"href":"https:\/\/www.kvg-rheine.de\/wordpress\/wp-json\/wp\/v2\/pages\/11\/revisions\/6331"}],"up":[{"embeddable":true,"href":"https:\/\/www.kvg-rheine.de\/wordpress\/wp-json\/wp\/v2\/pages\/88"}],"wp:attachment":[{"href":"https:\/\/www.kvg-rheine.de\/wordpress\/wp-json\/wp\/v2\/media?parent=11"}],"curies":[{"name":"wp","href":"https:\/\/api.w.org\/{rel}","templated":true}]}}