{"id":106,"date":"2015-03-16T08:42:48","date_gmt":"2015-03-16T07:42:48","guid":{"rendered":"http:\/\/kvg-rheine.de\/wordpress\/?page_id=106"},"modified":"2018-04-23T19:14:08","modified_gmt":"2018-04-23T18:14:08","slug":"unterrichtszeiten","status":"publish","type":"page","link":"https:\/\/www.kvg-rheine.de\/wordpress\/unterrichtszeiten\/","title":{"rendered":"Unterrichtszeiten"},"content":{"rendered":"<p style=\"text-align: left;\" align=\"center\">Die Unterrichtszeit&nbsp;beginnt um 7.45 Uhr und endet sp\u00e4testens nach der sechsten Stunde um 13.05 Uhr.<\/p>\n<p style=\"text-align: left;\" align=\"center\">Die Kardinal-von-Galen Schule ist keine Ganztagsschule, jedoch wird in Kooperation mit der Stadt Rheine eine <strong><span style=\"color: #99cc00;\">verl\u00e4ssliche \u00dcbermittagsbetreuung von 7.30 Uhr bis 14.00 Uhr<\/span><\/strong> gew\u00e4hrleistet. Das kostenpflichtige&nbsp;Angebot der Betreuung nutzen schwerpunktm\u00e4\u00dfig Kinder der Klassen 1 und 2.<\/p>\n<p style=\"text-align: left;\" align=\"center\">Die ersten und zweiten Klassen&nbsp;verf\u00fcgen \u00fcber&nbsp;einen Stundenumfang von 22 bzw. 23&nbsp;Stunden, in denen der&nbsp;F\u00f6rderunterricht inbegriffen ist. Die dritten Klassen&nbsp;haben&nbsp;26 Stunden und die vierten Schuljahre 27 Stunden in der&nbsp;Woche.<\/p>\n<p align=\"center\"><span style=\"color: #333333;\"><strong><span style=\"color: #99cc00;\">Allgemeing\u00fcltige Zeittafel<\/span><\/strong> an der Kardinal-von-Galen Schule:<\/span><\/p>\n<table style=\"height: 360px;\" border=\"1\" width=\"623\">\n<tbody>\n<tr>\n<th scope=\"row\" width=\"50%\">\n<h6 style=\"text-align: center;\" align=\"center\"><span style=\"text-decoration: underline;\">Unterrichtsstunde<\/span><\/h6>\n<\/th>\n<th style=\"text-align: left;\" width=\"50%\">\n<h6 style=\"text-align: center;\" align=\"center\"><span style=\"text-decoration: underline;\">Unterrichtszeit<\/span><\/h6>\n<\/th>\n<\/tr>\n<tr>\n<td scope=\"row\">\n<div style=\"text-align: center;\" align=\"center\"><span style=\"color: #333333;\">1. Stunde<\/span><\/div>\n<\/td>\n<td>\n<div style=\"text-align: center;\" align=\"center\"><span style=\"color: #333333;\">7.45 Uhr bis 8.30 Uhr<\/span><\/div>\n<\/td>\n<\/tr>\n<tr>\n<td scope=\"row\">\n<div style=\"text-align: center;\" align=\"center\"><span style=\"color: #333333;\">2. Stunde<\/span><\/div>\n<\/td>\n<td>\n<div style=\"text-align: center;\" align=\"center\"><span style=\"color: #333333;\">8.30 Uhr bis 9.15Uhr<\/span><\/div>\n<\/td>\n<\/tr>\n<tr>\n<td scope=\"row\">\n<div align=\"center\"><span style=\"color: #333333;\">erste gro\u00dfe Pause<\/span><\/div>\n<\/td>\n<td>\n<div align=\"center\"><span style=\"color: #333333;\">9.15 Uhr bis 9.30 Uhr<\/span><\/div>\n<\/td>\n<\/tr>\n<tr>\n<td scope=\"row\">\n<div align=\"center\"><span style=\"color: #333333;\">Fr\u00fchst\u00fcckspause *<\/span><\/div>\n<\/td>\n<td>\n<div align=\"center\"><span style=\"color: #333333;\">9.30 Uhr bis 9.40 Uhr<\/span><\/div>\n<\/td>\n<\/tr>\n<tr>\n<td scope=\"row\">\n<div align=\"center\"><span style=\"color: #333333;\">3. Stunde<\/span><\/div>\n<\/td>\n<td>\n<div align=\"center\"><span style=\"color: #333333;\">9.40 Uhr bis 10.25 Uhr<\/span><\/div>\n<\/td>\n<\/tr>\n<tr>\n<td scope=\"row\">\n<div align=\"center\"><span style=\"color: #333333;\">4. Stunde<\/span><\/div>\n<\/td>\n<td>\n<div align=\"center\"><span style=\"color: #333333;\">10.30 Uhr bis 11.15 Uhr<\/span><\/div>\n<\/td>\n<\/tr>\n<tr>\n<td scope=\"row\">\n<div align=\"center\"><span style=\"color: #333333;\">zweite gro\u00dfe Pause<\/span><\/div>\n<\/td>\n<td>\n<div align=\"center\"><span style=\"color: #333333;\">11.15 Uhr bis 11.30 Uhr<\/span><\/div>\n<\/td>\n<\/tr>\n<tr>\n<td scope=\"row\">\n<div align=\"center\"><span style=\"color: #333333;\">5. Stunde<\/span><\/div>\n<\/td>\n<td>\n<div align=\"center\"><span style=\"color: #333333;\">11.30 Uhr bis 12.15 Uhr<\/span><\/div>\n<\/td>\n<\/tr>\n<tr>\n<td scope=\"row\">\n<div style=\"text-align: center;\" align=\"center\"><span style=\"color: #333333;\">6. Stunde<\/span><\/div>\n<\/td>\n<td>\n<div align=\"center\"><span style=\"color: #333333;\">12.20 Uhr bis 13.05 Uhr<\/span><\/div>\n<\/td>\n<\/tr>\n<\/tbody>\n<\/table>\n<p>* Die <strong><span style=\"color: #99cc00;\">Fr\u00fchst\u00fcckspause nach der Spielpause<\/span><\/strong> hat sich bew\u00e4hrt, da das gemeinsame Fr\u00fchst\u00fccken in angenehmerer Atmosph\u00e4re&nbsp;stattfindet. Der \u00dcbergang zum Unterricht ist somit ruhiger und flie\u00dfender.<\/p>\n","protected":false},"excerpt":{"rendered":"<p>Die Unterrichtszeit&nbsp;beginnt um 7.45 Uhr und endet sp\u00e4testens nach der sechsten Stunde um 13.05 Uhr. Die Kardinal-von-Galen Schule ist keine Ganztagsschule, jedoch wird in Kooperation mit der Stadt Rheine eine <a class=\"read-more\" href=\"https:\/\/www.kvg-rheine.de\/wordpress\/unterrichtszeiten\/\">... weiterlesen <span class=\"meta-nav\">&rarr;<\/span><\/a><\/p>\n","protected":false},"author":1,"featured_media":0,"parent":0,"menu_order":0,"comment_status":"closed","ping_status":"closed","template":"","meta":{"ngg_post_thumbnail":0,"footnotes":""},"class_list":["post-106","page","type-page","status-publish","hentry"],"_links":{"self":[{"href":"https:\/\/www.kvg-rheine.de\/wordpress\/wp-json\/wp\/v2\/pages\/106","targetHints":{"allow":["GET"]}}],"collection":[{"href":"https:\/\/www.kvg-rheine.de\/wordpress\/wp-json\/wp\/v2\/pages"}],"about":[{"href":"https:\/\/www.kvg-rheine.de\/wordpress\/wp-json\/wp\/v2\/types\/page"}],"author":[{"embeddable":true,"href":"https:\/\/www.kvg-rheine.de\/wordpress\/wp-json\/wp\/v2\/users\/1"}],"replies":[{"embeddable":true,"href":"https:\/\/www.kvg-rheine.de\/wordpress\/wp-json\/wp\/v2\/comments?post=106"}],"version-history":[{"count":18,"href":"https:\/\/www.kvg-rheine.de\/wordpress\/wp-json\/wp\/v2\/pages\/106\/revisions"}],"predecessor-version":[{"id":2066,"href":"https:\/\/www.kvg-rheine.de\/wordpress\/wp-json\/wp\/v2\/pages\/106\/revisions\/2066"}],"wp:attachment":[{"href":"https:\/\/www.kvg-rheine.de\/wordpress\/wp-json\/wp\/v2\/media?parent=106"}],"curies":[{"name":"wp","href":"https:\/\/api.w.org\/{rel}","templated":true}]}}