{"id":104,"date":"2015-07-02T21:13:23","date_gmt":"2015-07-02T20:13:23","guid":{"rendered":"http:\/\/kvg-rheine.de\/wordpress\/?page_id=104"},"modified":"2018-05-31T15:59:49","modified_gmt":"2018-05-31T14:59:49","slug":"namenspatron","status":"publish","type":"page","link":"https:\/\/www.kvg-rheine.de\/wordpress\/namenspatron\/","title":{"rendered":"Namenspatron"},"content":{"rendered":"<p style=\"text-align: left;\" align=\"center\"><span style=\"color: #333333;\"><strong><span style=\"color: #99cc00;\">Kardinal Clemens August Graf von Galen<\/span><\/strong> ist Namensgeber\u00a0unserer Schule.<\/span><\/p>\n<p style=\"text-align: left;\" align=\"center\"><span style=\"color: #333333;\"><img loading=\"lazy\" decoding=\"async\" class=\" alignleft\" src=\"https:\/\/kvg-rheine.de\/imagenes\/Card.v.Galen-111x.jpg\" alt=\"kvg\" width=\"265\" height=\"288\" align=\"left\" \/><strong><span style=\"color: #99cc00;\">Clemens August von Galen<\/span> <\/strong>wurde 1878 im M\u00fcnsterland als elftes von dreizehn Kindern geboren. Seine Amtszeit als Bischof fiel ungef\u00e4hr mit der Dauer des Dritten Reichs zusammen. Am 23. Oktober 1933 wurde er nach seiner Pfarrt\u00e4tigkeit in Berlin und M\u00fcnster im Alter von 50 Jahren zum Bischof von M\u00fcnster geweiht. Er gilt als einer der wenigen deutschen Kirchenf\u00fchrer, die es wagten, gegen das nationalsozialistische Unrechtsregime Stellung zu beziehen. Aufsehen erregten seine Predigten gegen Euthanasie und Naziterror. Am 21. Februar 1946 ernannte ihn Papst Pius XII. in Anerkennung seiner aufrechten Haltung w\u00e4hrend der NS-Zeit zum Kardinal. Nur einen Monat sp\u00e4ter, am 22. M\u00e4rz, starb der Kardinal an einer Blinddarm-Entz\u00fcndung.<\/span><\/p>\n<p style=\"text-align: left;\" align=\"center\">Sein Handeln war von Solidarit\u00e4t, Verantwortungsbewu\u00dftsein und N\u00e4chstenliebe gepr\u00e4gt.<span style=\"color: #99cc00;\"> <span style=\"color: #333333;\">Diese Werte, die der Kardinal als Vorbild den Menschen vermittelte, spielen auch an unserer Schule eine gro\u00dfe Rolle.<\/span><\/span><\/p>\n","protected":false},"excerpt":{"rendered":"<p>Kardinal Clemens August Graf von Galen ist Namensgeber\u00a0unserer Schule. Clemens August von Galen wurde 1878 im M\u00fcnsterland als elftes von dreizehn Kindern geboren. Seine Amtszeit als Bischof fiel ungef\u00e4hr mit <a class=\"read-more\" href=\"https:\/\/www.kvg-rheine.de\/wordpress\/namenspatron\/\">... weiterlesen <span class=\"meta-nav\">&rarr;<\/span><\/a><\/p>\n","protected":false},"author":1,"featured_media":0,"parent":0,"menu_order":0,"comment_status":"closed","ping_status":"closed","template":"","meta":{"ngg_post_thumbnail":0,"footnotes":""},"class_list":["post-104","page","type-page","status-publish","hentry"],"_links":{"self":[{"href":"https:\/\/www.kvg-rheine.de\/wordpress\/wp-json\/wp\/v2\/pages\/104","targetHints":{"allow":["GET"]}}],"collection":[{"href":"https:\/\/www.kvg-rheine.de\/wordpress\/wp-json\/wp\/v2\/pages"}],"about":[{"href":"https:\/\/www.kvg-rheine.de\/wordpress\/wp-json\/wp\/v2\/types\/page"}],"author":[{"embeddable":true,"href":"https:\/\/www.kvg-rheine.de\/wordpress\/wp-json\/wp\/v2\/users\/1"}],"replies":[{"embeddable":true,"href":"https:\/\/www.kvg-rheine.de\/wordpress\/wp-json\/wp\/v2\/comments?post=104"}],"version-history":[{"count":10,"href":"https:\/\/www.kvg-rheine.de\/wordpress\/wp-json\/wp\/v2\/pages\/104\/revisions"}],"predecessor-version":[{"id":2108,"href":"https:\/\/www.kvg-rheine.de\/wordpress\/wp-json\/wp\/v2\/pages\/104\/revisions\/2108"}],"wp:attachment":[{"href":"https:\/\/www.kvg-rheine.de\/wordpress\/wp-json\/wp\/v2\/media?parent=104"}],"curies":[{"name":"wp","href":"https:\/\/api.w.org\/{rel}","templated":true}]}}